{"id":39,"date":"2025-05-08T18:48:58","date_gmt":"2025-05-08T18:48:58","guid":{"rendered":"https:\/\/taqueriadonacoco.com\/?post_type=product&#038;p=39"},"modified":"2025-07-03T17:30:22","modified_gmt":"2025-07-03T17:30:22","slug":"taco-de-barbacoa-blandito","status":"publish","type":"product","link":"https:\/\/taqueriadonacoco.com\/index.php\/producto\/taco-de-barbacoa-blandito\/","title":{"rendered":"Taco de barbacoa blandito"},"content":{"rendered":"<p class=\"\" data-start=\"171\" data-end=\"363\">El cl\u00e1sico de cada domingo\u2026 y de todos los d\u00edas (menos el mi\u00e9rcoles). Tortilla suave, barbacoa jugosa y ese sabor que recuerda a la cocina de Do\u00f1a Coco.<\/p>\n<p class=\"\" data-start=\"365\" data-end=\"527\">\n","protected":false},"excerpt":{"rendered":"<p>El cl\u00e1sico de cada domingo\u2026 y de todos los d\u00edas (menos el mi\u00e9rcoles). Tortilla suave, barbacoa jugosa y ese sabor que recuerda&hellip;<\/p>\n","protected":false},"featured_media":43,"comment_status":"open","ping_status":"closed","template":"","meta":[],"product_cat":[17],"product_tag":[],"class_list":{"0":"post-39","1":"product","2":"type-product","3":"status-publish","4":"has-post-thumbnail","6":"product_cat-barbacoa","8":"first","9":"instock","10":"shipping-taxable","11":"purchasable","12":"product-type-variable"},"_links":{"self":[{"href":"https:\/\/taqueriadonacoco.com\/index.php\/wp-json\/wp\/v2\/product\/39","targetHints":{"allow":["GET"]}}],"collection":[{"href":"https:\/\/taqueriadonacoco.com\/index.php\/wp-json\/wp\/v2\/product"}],"about":[{"href":"https:\/\/taqueriadonacoco.com\/index.php\/wp-json\/wp\/v2\/types\/product"}],"replies":[{"embeddable":true,"href":"https:\/\/taqueriadonacoco.com\/index.php\/wp-json\/wp\/v2\/comments?post=39"}],"wp:featuredmedia":[{"embeddable":true,"href":"https:\/\/taqueriadonacoco.com\/index.php\/wp-json\/wp\/v2\/media\/43"}],"wp:attachment":[{"href":"https:\/\/taqueriadonacoco.com\/index.php\/wp-json\/wp\/v2\/media?parent=39"}],"wp:term":[{"taxonomy":"product_cat","embeddable":true,"href":"https:\/\/taqueriadonacoco.com\/index.php\/wp-json\/wp\/v2\/product_cat?post=39"},{"taxonomy":"product_tag","embeddable":true,"href":"https:\/\/taqueriadonacoco.com\/index.php\/wp-json\/wp\/v2\/product_tag?post=39"}],"curies":[{"name":"wp","href":"https:\/\/api.w.org\/{rel}","templated":true}]}}