{"id":117,"date":"2025-05-10T17:48:18","date_gmt":"2025-05-10T17:48:18","guid":{"rendered":"https:\/\/taqueriadonacoco.com\/?post_type=product&#038;p=117"},"modified":"2025-08-25T13:07:30","modified_gmt":"2025-08-25T19:07:30","slug":"refresco","status":"publish","type":"product","link":"https:\/\/taqueriadonacoco.com\/index.php\/producto\/refresco\/","title":{"rendered":"Refresco"},"content":{"rendered":"<p>Bebida gaseosa fr\u00eda en variedad de sabores para acompa\u00f1ar tu comida. Tama\u00f1o individual con tapa rosca.<\/p>\n","protected":false},"excerpt":{"rendered":"<p>Bebida gaseosa fr\u00eda en variedad de sabores para acompa\u00f1ar tu comida. Tama\u00f1o individual con tapa rosca.<\/p>\n","protected":false},"featured_media":163,"comment_status":"open","ping_status":"closed","template":"","meta":[],"product_cat":[20],"product_tag":[],"class_list":{"0":"post-117","1":"product","2":"type-product","3":"status-publish","4":"has-post-thumbnail","6":"product_cat-refresco","8":"first","9":"instock","10":"shipping-taxable","11":"purchasable","12":"product-type-variable"},"_links":{"self":[{"href":"https:\/\/taqueriadonacoco.com\/index.php\/wp-json\/wp\/v2\/product\/117","targetHints":{"allow":["GET"]}}],"collection":[{"href":"https:\/\/taqueriadonacoco.com\/index.php\/wp-json\/wp\/v2\/product"}],"about":[{"href":"https:\/\/taqueriadonacoco.com\/index.php\/wp-json\/wp\/v2\/types\/product"}],"replies":[{"embeddable":true,"href":"https:\/\/taqueriadonacoco.com\/index.php\/wp-json\/wp\/v2\/comments?post=117"}],"wp:featuredmedia":[{"embeddable":true,"href":"https:\/\/taqueriadonacoco.com\/index.php\/wp-json\/wp\/v2\/media\/163"}],"wp:attachment":[{"href":"https:\/\/taqueriadonacoco.com\/index.php\/wp-json\/wp\/v2\/media?parent=117"}],"wp:term":[{"taxonomy":"product_cat","embeddable":true,"href":"https:\/\/taqueriadonacoco.com\/index.php\/wp-json\/wp\/v2\/product_cat?post=117"},{"taxonomy":"product_tag","embeddable":true,"href":"https:\/\/taqueriadonacoco.com\/index.php\/wp-json\/wp\/v2\/product_tag?post=117"}],"curies":[{"name":"wp","href":"https:\/\/api.w.org\/{rel}","templated":true}]}}